{"id":55,"date":"2014-02-09T14:07:41","date_gmt":"2014-02-09T12:07:41","guid":{"rendered":"http:\/\/astrosana.ch\/?page_id=55"},"modified":"2014-02-09T14:08:36","modified_gmt":"2014-02-09T12:08:36","slug":"gutscheine","status":"publish","type":"page","link":"https:\/\/astrosana.ch\/?page_id=55","title":{"rendered":"Gutscheine"},"content":{"rendered":"<p>Wollen Sie jemandem eine Freude bereiten? Wie w\u00e4re es mit einem Geschenk-Gutschein f\u00fcr eine pers\u00f6nliche astrologische Beratung?<br \/>\nGerne stelle ich Ihnen einen entsprechenden Gutschein aus. Dieser beinhaltet die Vorbereitungszeit und eine Astrologische Beratung von 1 \u00c2\u00bd Stunden. Sie erhalten den Gutschein nach Eingang der Zahlung von Fr. 200.00.<br \/>\nOder schenken Sie lieber einen Gutschein f\u00fcr eine Heilbehandlung von Fr. 70.00?<\/p>\n<p>Die Detailinformationen f\u00fcr die Vorauszahlung werden Ihnen per E-Mail zugestellt.<\/p>\n<p><img decoding=\"async\" src=\"http:\/\/astrosana.ch\/wp-content\/bilder\/gutschein.jpg\" width =\"250\"><\/p>\n<p>Bitte f\u00fcllen Sie das untenstehende Formular aus.<\/p>\n<p><!-- ddfm2 --><\/p>\n","protected":false},"excerpt":{"rendered":"<p>Wollen Sie jemandem eine Freude bereiten? Wie w\u00e4re es mit einem Geschenk-Gutschein f\u00fcr eine pers\u00f6nliche astrologische Beratung? Gerne stelle ich Ihnen einen entsprechenden Gutschein aus. Dieser beinhaltet die Vorbereitungszeit und eine Astrologische Beratung von 1 \u00c2\u00bd Stunden. Sie erhalten den Gutschein nach Eingang der Zahlung von Fr. 200.00. Oder schenken Sie lieber einen Gutschein f\u00fcr [&hellip;]<\/p>\n","protected":false},"author":1,"featured_media":0,"parent":0,"menu_order":5,"comment_status":"open","ping_status":"open","template":"","meta":{"footnotes":""},"class_list":["post-55","page","type-page","status-publish","hentry"],"_links":{"self":[{"href":"https:\/\/astrosana.ch\/index.php?rest_route=\/wp\/v2\/pages\/55","targetHints":{"allow":["GET"]}}],"collection":[{"href":"https:\/\/astrosana.ch\/index.php?rest_route=\/wp\/v2\/pages"}],"about":[{"href":"https:\/\/astrosana.ch\/index.php?rest_route=\/wp\/v2\/types\/page"}],"author":[{"embeddable":true,"href":"https:\/\/astrosana.ch\/index.php?rest_route=\/wp\/v2\/users\/1"}],"replies":[{"embeddable":true,"href":"https:\/\/astrosana.ch\/index.php?rest_route=%2Fwp%2Fv2%2Fcomments&post=55"}],"version-history":[{"count":4,"href":"https:\/\/astrosana.ch\/index.php?rest_route=\/wp\/v2\/pages\/55\/revisions"}],"predecessor-version":[{"id":59,"href":"https:\/\/astrosana.ch\/index.php?rest_route=\/wp\/v2\/pages\/55\/revisions\/59"}],"wp:attachment":[{"href":"https:\/\/astrosana.ch\/index.php?rest_route=%2Fwp%2Fv2%2Fmedia&parent=55"}],"curies":[{"name":"wp","href":"https:\/\/api.w.org\/{rel}","templated":true}]}}