{"id":49,"date":"2014-02-09T14:04:31","date_gmt":"2014-02-09T12:04:31","guid":{"rendered":"http:\/\/astrosana.ch\/?page_id=49"},"modified":"2014-02-11T15:53:33","modified_gmt":"2014-02-11T13:53:33","slug":"geistiges-heilen","status":"publish","type":"page","link":"https:\/\/astrosana.ch\/?page_id=49","title":{"rendered":"Geistiges Heilen"},"content":{"rendered":"<p><strong>Geistiges Heilen wird in einem ganzheitlichen Sinn verstanden, mit sich selbst, mit seinen Mitmenschen, mit der Natur und mit Gott in Frieden zu sein.<\/strong><\/p>\n<p><img decoding=\"async\" src=\"http:\/\/astrosana.ch\/wp-content\/bilder\/rose.jpg\"><\/p>\n<p>Das Geistige Heilen ist so alt wie die Menschheit selbst. Es ist die urspr\u00fcnglichste, nat\u00fcrlichste und ganzheitlichste Form der Heilkunst. Diese urspr\u00fcngliche Medizin betrachtet den Menschen als Teil eines grossen Ganzen, in das er eingebettet ist. Natur und Mensch wirken gleichermassen aufeinander ein und sind untrennbar miteinander verbunden und zwar auf allen Ebenen des SEINS: k\u00f6rperlich, emotional, mental und spirituell. Da der Mensch ein holistisches Wesen ist, geht der Heiler auf all diese Ebenen ein. Er arbeitet mit der Natur und ihren unterschiedlichen Energien, um den Menschen in seiner Gesamtheit zu heilen und seine ganzheitliche Entwicklung zu f\u00f6rdern.<\/p>\n<p>Der Geistheiler heilt also nicht einfach den erkrankten K\u00f6rperteil, sondern er bringt den Energiefluss zwischen den verschiedenen Bewusstseinsstufen wieder ins Gleichgewicht, denn ein Ungleichgewicht bedeutet Krankheit. Krankheit definiert sich entsprechend als k\u00f6rperliche Auswirkung von St\u00f6rungen auf der feinstofflichen Ebene.<\/p>\n<p>Geistiges Heilen ist also ein Oberbegriff f\u00fcr eine Vielzahl von Verfahren, die keinerlei therapeutische Mittel einsetzt, welche nach medizinischem Erkenntnisstand wirksam sein k\u00f6nnen. Geistheiler gehen ganz allgemein von einem Konzept aus, dass Kranksein aus einem Zustand der Disharmonie von K\u00f6rper, Seele und Geist betrachtet. Ihre Bem\u00fchungen richten sie sich daraus, den Leidenden zu helfen, das Gleichgewicht wieder herzustellen. Die \u00e4lteste und bisher am weitesten verbreitete Form des Geistigen Heilens ist das Handauflegen. Dabei legt der Heiler die Innenfl\u00e4chen seiner ge\u00f6ffneten H\u00e4nde \/ manchmal eine \/ manchmal beide \/ in unmittelbarer N\u00e4he des Behandelten.<\/p>\n<p>Heilen heisst die Information aus der Krankheit zu befreien. Dies setzt voraus, dass man nach der Sinnhaftigkeit fragt. (siehe Buch von Thorwald Detlefsen: Schicksal als Chance)<\/p>\n<p>Heilerische F\u00e4higkeiten sind in jedem von uns enthalten. Alle Menschen k\u00f6nnen diese Gabe entwickeln und sie trainieren. Geistiges Heilen kann f\u00fcr sich selbst und auch f\u00fcr andere angewendet werden, seien es Menschen, Tiere oder auch Pflanzen.<br \/>\nSelbstverst\u00e4ndlich ersetzen diese Anwendungen nicht den Arzt. Sie k\u00f6nnen uns aber helfen unser Wohlbefinden zu st\u00e4rken und so unser Immunsystem zu festigen und unsere Selbstheilungskr\u00e4fte zu aktivieren.<\/p>\n<p>In England ist das Zusammenarbeiten von Schulmedizinern und Geistheilern g\u00e4ngige Praxis. Die dadurch erzielten Erfolge sind beeindruckend.<\/p>\n","protected":false},"excerpt":{"rendered":"<p>Geistiges Heilen wird in einem ganzheitlichen Sinn verstanden, mit sich selbst, mit seinen Mitmenschen, mit der Natur und mit Gott in Frieden zu sein. Das Geistige Heilen ist so alt wie die Menschheit selbst. Es ist die urspr\u00fcnglichste, nat\u00fcrlichste und ganzheitlichste Form der Heilkunst. Diese urspr\u00fcngliche Medizin betrachtet den Menschen als Teil eines grossen Ganzen, [&hellip;]<\/p>\n","protected":false},"author":1,"featured_media":0,"parent":46,"menu_order":1,"comment_status":"open","ping_status":"open","template":"","meta":{"footnotes":""},"class_list":["post-49","page","type-page","status-publish","hentry"],"_links":{"self":[{"href":"https:\/\/astrosana.ch\/index.php?rest_route=\/wp\/v2\/pages\/49","targetHints":{"allow":["GET"]}}],"collection":[{"href":"https:\/\/astrosana.ch\/index.php?rest_route=\/wp\/v2\/pages"}],"about":[{"href":"https:\/\/astrosana.ch\/index.php?rest_route=\/wp\/v2\/types\/page"}],"author":[{"embeddable":true,"href":"https:\/\/astrosana.ch\/index.php?rest_route=\/wp\/v2\/users\/1"}],"replies":[{"embeddable":true,"href":"https:\/\/astrosana.ch\/index.php?rest_route=%2Fwp%2Fv2%2Fcomments&post=49"}],"version-history":[{"count":3,"href":"https:\/\/astrosana.ch\/index.php?rest_route=\/wp\/v2\/pages\/49\/revisions"}],"predecessor-version":[{"id":71,"href":"https:\/\/astrosana.ch\/index.php?rest_route=\/wp\/v2\/pages\/49\/revisions\/71"}],"up":[{"embeddable":true,"href":"https:\/\/astrosana.ch\/index.php?rest_route=\/wp\/v2\/pages\/46"}],"wp:attachment":[{"href":"https:\/\/astrosana.ch\/index.php?rest_route=%2Fwp%2Fv2%2Fmedia&parent=49"}],"curies":[{"name":"wp","href":"https:\/\/api.w.org\/{rel}","templated":true}]}}