{"id":46,"date":"2014-02-09T14:03:46","date_gmt":"2014-02-09T12:03:46","guid":{"rendered":"http:\/\/astrosana.ch\/?page_id=46"},"modified":"2014-02-11T15:55:20","modified_gmt":"2014-02-11T13:55:20","slug":"heilarbeit","status":"publish","type":"page","link":"https:\/\/astrosana.ch\/?page_id=46","title":{"rendered":"Heilarbeit"},"content":{"rendered":"<p><strong>Das Heilpendel &#8211; Werkzeug mit ungeahnten Kr\u00e4ften<\/strong><\/p>\n<p><img decoding=\"async\" src=\"http:\/\/astrosana.ch\/wp-content\/bilder\/heilpendel.jpg\" width = \"250\"><\/p>\n<p>Das Heilpendel wurde von Prof. Dr. Rohrbach innerhalb der Medizinischen Radi\u00e4sthesie entwickelt und hat schon einen fast legend\u00e4ren Ruf.<\/p>\n<p>Der Mensch strahlt nicht nur W\u00e4rme, sondern auch Strahlungen und Wellen aus.<br \/>\nF\u00fcr das Heilpendeln sind die Hertz\u00c2\u00b4schen Wellen und die Teslawellen von Bedeutung. Im menschlichen K\u00f6rper arbeiten diese Wellen und steuern verschiedene Lebensvorg\u00e4nge. Bei Erkrankung des K\u00f6rpers entsteht ein anormales Strahlenfeld. Durch das Heilpendel wird das Strahlenfeld wieder normalisiert. Negative Strahlungszust\u00e4nde werden abgezogen, positive k\u00f6nnen sich wieder ausbreiten. Es wird durch die Kenntnisse der energetischen Schwingungsmuster und durch die Auswahl der spezifischen Materialien krankes Bioplasma aus dem physischen sowie auch aus dem psychischen K\u00f6rper sanft heraus gezogen. So k\u00f6nnen auch psychische Blockaden getestet und ausgeglichen werden.<\/p>\n<p>Das Heilpendeln &#8211; eine uralte Heilmethode &#8211; birgt viele M\u00f6glichkeiten uns zu unterst\u00fctzen, Leiden zu erleichtern, ein St\u00fcck Lebensqualit\u00e4t zur\u00fcck zu gewinnen und ist eine echte Alternative zur Medizin. Sie ersetzt weder Arzt noch ein Medikament noch kann sie eine Heilung versprechen, sie kann aber Schmerzen lindern, Krankheiten mildern und das allgemeine Wohlbefinden steigern. Chemotherapien werden leichter ertragen, Behandlungen erleichtert. Gerade Langzeit-Patienten wissen eine gute Alternative durchaus zu sch\u00e4tzen.<\/p>\n<p>Das Heilpendel zieht krankes Bioplasma aus jedem biologischen System (Mensch, Tier, Pflanze). Der K\u00f6rper und das Energiesystem werden von Blockaden und negativen Energien befreit und gest\u00e4rkt. Die Selbstheilungskr\u00e4fte k\u00f6nnen sich nun entfalten und die Heilung kann beginnen. Der Energiefluss in vernarbten Bereichen kann harmonisiert werden.<\/p>\n<p>Das Heilpendel kann auch zur Fernheilung eingesetzt werden.<\/p>\n<p>Heilerische F\u00e4higkeiten sind in jedem von uns enthalten. Alle Menschen k\u00f6nnen diese Gabe entwickeln und sie trainieren. Geistiges Heilen kann f\u00fcr sich selbst und auch f\u00fcr andere angewendet werden, seien es Menschen, Tiere oder auch Pflanzen.<\/p>\n<p>Energetisches Heilen ist ein traditionelles Heilverfahren der alten Kulturen. Die \u00e4lteste \u00e0\u0153berlieferung dieser Heilmethode findet sich in den indischen Schriften. Unter Energetischem Heilen versteht man das Heilen durch Energie\u00fcbertragungen mittels der H\u00e4nde.<\/p>\n<p>Energetisches Heilen ist nichts Esoterisches, sondern beruht auf Naturgesetzen. Jede Mutter, die ihr Kind liebevoll umarmt, \u00fcbertr\u00e4gt dabei Energie. Erinnern Sie sich noch wie beruhigend, friedvoll und wie tr\u00f6stend diese Ber\u00fchrungen waren? Wie sich ihr Herz \u00f6ffnet, wenn sie in Liebe und Achtsamkeit ber\u00fchrt werden? Durch energetisches Heilen k\u00f6nnen wir zur\u00fcckfinden in die Stille und Harmonie. In dieser sicheren und entspannten Atmosph\u00e4re k\u00f6nnen wir uns \u00f6ffnen, um in unser Herz zu sehen, um unsere Verletzungen des K\u00f6rpers, der Seele und des Geistes zu schauen, anzunehmen und zu heilen.<\/p>\n<p>Selbstverst\u00e4ndlich ersetzen diese Anwendungen nicht den Arzt. Sie k\u00f6nnen uns aber helfen unser Wohlbefinden zu st\u00e4rken und so unser Immunsystem zu festigen und unsere Selbstheilungskr\u00e4fte zu aktivieren.<\/p>\n<p><strong>Je mehr wir uns \u00f6ffnen und je mehr Energie uns zur Verf\u00fcgung steht, desto mehr k\u00f6nnen Ver\u00e4nderungen geschehen. Je mehr wir zur\u00fcckfinden ins eigene Selbst &#8211; in unser inneres zentriert sein &#8211; desto mehr sp\u00fcren wir die Verbundenheit mit allem und die Freude des Lebens. <\/strong><\/p>\n","protected":false},"excerpt":{"rendered":"<p>Das Heilpendel &#8211; Werkzeug mit ungeahnten Kr\u00e4ften Das Heilpendel wurde von Prof. Dr. Rohrbach innerhalb der Medizinischen Radi\u00e4sthesie entwickelt und hat schon einen fast legend\u00e4ren Ruf. Der Mensch strahlt nicht nur W\u00e4rme, sondern auch Strahlungen und Wellen aus. F\u00fcr das Heilpendeln sind die Hertz\u00c2\u00b4schen Wellen und die Teslawellen von Bedeutung. Im menschlichen K\u00f6rper arbeiten diese [&hellip;]<\/p>\n","protected":false},"author":1,"featured_media":0,"parent":0,"menu_order":3,"comment_status":"open","ping_status":"open","template":"","meta":{"footnotes":""},"class_list":["post-46","page","type-page","status-publish","hentry"],"_links":{"self":[{"href":"https:\/\/astrosana.ch\/index.php?rest_route=\/wp\/v2\/pages\/46","targetHints":{"allow":["GET"]}}],"collection":[{"href":"https:\/\/astrosana.ch\/index.php?rest_route=\/wp\/v2\/pages"}],"about":[{"href":"https:\/\/astrosana.ch\/index.php?rest_route=\/wp\/v2\/types\/page"}],"author":[{"embeddable":true,"href":"https:\/\/astrosana.ch\/index.php?rest_route=\/wp\/v2\/users\/1"}],"replies":[{"embeddable":true,"href":"https:\/\/astrosana.ch\/index.php?rest_route=%2Fwp%2Fv2%2Fcomments&post=46"}],"version-history":[{"count":3,"href":"https:\/\/astrosana.ch\/index.php?rest_route=\/wp\/v2\/pages\/46\/revisions"}],"predecessor-version":[{"id":72,"href":"https:\/\/astrosana.ch\/index.php?rest_route=\/wp\/v2\/pages\/46\/revisions\/72"}],"wp:attachment":[{"href":"https:\/\/astrosana.ch\/index.php?rest_route=%2Fwp%2Fv2%2Fmedia&parent=46"}],"curies":[{"name":"wp","href":"https:\/\/api.w.org\/{rel}","templated":true}]}}