{"id":44,"date":"2014-02-09T14:03:09","date_gmt":"2014-02-09T12:03:09","guid":{"rendered":"http:\/\/astrosana.ch\/?page_id=44"},"modified":"2014-02-09T14:03:09","modified_gmt":"2014-02-09T12:03:09","slug":"vortraege","status":"publish","type":"page","link":"https:\/\/astrosana.ch\/?page_id=44","title":{"rendered":"Vortr\u00e4ge"},"content":{"rendered":"<p>Die Astrologie ist so vielf\u00e4ltig wie das Leben, das sie beschreibt.<\/p>\n<p><strong>\u00e2\u20ac\u00a2 Was ist Astrologie?<br \/>\n\u00e2\u20ac\u00a2 Was kann sie leisten?<br \/>\n\u00e2\u20ac\u00a2 Was ist ein Horoskop?<br \/>\n\u00e2\u20ac\u00a2 Kann Astrologie konkrete Lebenshilfe bieten?<\/strong><\/p>\n<p>Mit meinem Referat \u00e2\u20ac\u017eAstrologie \/ lebendig und praxisnah\u00e2\u20ac\u0153 gehe ich diesen Fragen ausf\u00fchrlich auf den Grund.<\/p>\n<p>Mein Dank geht an alle Nachstehenden, die mir die M\u00f6glichkeit boten, Ihnen die Astrologie vorzustellen:<\/p>\n<p>Schweizerischer Verein f\u00fcr Menschenkenntnis SVM Sektion Aarau<br \/>\nLesegesellschaft Sins<br \/>\nKultur- und Bibliothekskommission Dulliken<br \/>\nBibliothek Sarmenstorf<br \/>\nFreisinnige Frauengruppe<br \/>\nDiverse Vereine zur Bereicherung ihrer Generalversammlung<br \/>\nKiwanis Club<br \/>\nRotary Club<br \/>\nu.a.m.<\/p>\n<p><strong>Suchen Sie ein aussergew\u00f6hnliches und sehr pers\u00f6nliches Geschenk f\u00fcr ein Jubil\u00e4um oder ein Geburtstagsfest, dann sind Sie hier genau richtig! Organisieren Sie eine Ausstellung, einen Vereinsanlass, ein spezielles Fest? Oder Sie wollen Ihren G\u00e4sten auf Ihrer Veranstaltung etwas ganz besonderes bieten? M\u00f6chten Sie jemanden \u00fcberraschen?<\/strong><\/p>\n<p>Dann k\u00f6nnen Sie mich gerne f\u00fcr Ihre n\u00e4chste Firmenfeier oder Ihr n\u00e4chstes Familien- oder Geburtstagsfest buchen.<\/p>\n<p>Lassen Sie es mich wissen &#8211; rufen Sie mich an.<\/p>\n<p>Es w\u00fcrde mich freuen bei einem Ihrer Events mitwirken zu d\u00fcrfen. F\u00fcr n\u00e4here Informationen stehe ich Ihnen gerne zur Verf\u00fcgung.<\/p>\n","protected":false},"excerpt":{"rendered":"<p>Die Astrologie ist so vielf\u00e4ltig wie das Leben, das sie beschreibt. \u00e2\u20ac\u00a2 Was ist Astrologie? \u00e2\u20ac\u00a2 Was kann sie leisten? \u00e2\u20ac\u00a2 Was ist ein Horoskop? \u00e2\u20ac\u00a2 Kann Astrologie konkrete Lebenshilfe bieten? Mit meinem Referat \u00e2\u20ac\u017eAstrologie \/ lebendig und praxisnah\u00e2\u20ac\u0153 gehe ich diesen Fragen ausf\u00fchrlich auf den Grund. Mein Dank geht an alle Nachstehenden, die mir [&hellip;]<\/p>\n","protected":false},"author":1,"featured_media":0,"parent":24,"menu_order":4,"comment_status":"open","ping_status":"open","template":"","meta":{"footnotes":""},"class_list":["post-44","page","type-page","status-publish","hentry"],"_links":{"self":[{"href":"https:\/\/astrosana.ch\/index.php?rest_route=\/wp\/v2\/pages\/44","targetHints":{"allow":["GET"]}}],"collection":[{"href":"https:\/\/astrosana.ch\/index.php?rest_route=\/wp\/v2\/pages"}],"about":[{"href":"https:\/\/astrosana.ch\/index.php?rest_route=\/wp\/v2\/types\/page"}],"author":[{"embeddable":true,"href":"https:\/\/astrosana.ch\/index.php?rest_route=\/wp\/v2\/users\/1"}],"replies":[{"embeddable":true,"href":"https:\/\/astrosana.ch\/index.php?rest_route=%2Fwp%2Fv2%2Fcomments&post=44"}],"version-history":[{"count":1,"href":"https:\/\/astrosana.ch\/index.php?rest_route=\/wp\/v2\/pages\/44\/revisions"}],"predecessor-version":[{"id":45,"href":"https:\/\/astrosana.ch\/index.php?rest_route=\/wp\/v2\/pages\/44\/revisions\/45"}],"up":[{"embeddable":true,"href":"https:\/\/astrosana.ch\/index.php?rest_route=\/wp\/v2\/pages\/24"}],"wp:attachment":[{"href":"https:\/\/astrosana.ch\/index.php?rest_route=%2Fwp%2Fv2%2Fmedia&parent=44"}],"curies":[{"name":"wp","href":"https:\/\/api.w.org\/{rel}","templated":true}]}}