{"id":42,"date":"2014-02-09T14:02:39","date_gmt":"2014-02-09T12:02:39","guid":{"rendered":"http:\/\/astrosana.ch\/?page_id=42"},"modified":"2014-02-09T14:02:39","modified_gmt":"2014-02-09T12:02:39","slug":"sternzeichen-abende","status":"publish","type":"page","link":"https:\/\/astrosana.ch\/?page_id=42","title":{"rendered":"Sternzeichen-Abende"},"content":{"rendered":"<p><strong>\u00e2\u20ac\u017eReise durch den Tierkreis\u00e2\u20ac\u0153 von Widder bis Fische<\/strong><\/p>\n<p>Jeden Monat durchzieht die Sonne ein Tierkreiszeichen, den gesamten Tierkreis in einem Jahr. In Horoskopen ist \u00fcblicherweise vom Sternzeichen die Rede. Ebenso wichtig sind aber auch alle anderen Planeten, der Aszendent und weitere Berechnungspunkte. Jeder Planet symbolisiert ein Lebensprinzip, das bei Mensch, Tier, Pflanze und bei Mineralien immer wieder anders in Erscheinung tritt.<br \/>\nKommen Sie mit auf diese Reise! Sie erhalten die M\u00f6glichkeit, sich an diesen Abenden intensiv in ein Tierkreiszeichen einzuf\u00fchlen, zu sp\u00fcren, begreifen und erleben. Sie erfahren viel Wissenswertes, Humorvolles, Tiefsinniges \u00fcber Ihre Sonne (Sternzeichen) oder dasjenige Ihrer Partner, Kinder, Freunde etc. Sie brauchen keine astrologischen Kenntnisse, falls Sie aber in Ausbildung sind biete ich Ihnen mit diesen Abenden eine gute Grundlage. <\/p>\n<p>Daten auf Anfrage. <\/p>\n<p>Auch einzeln f\u00fcr Sternzeichen-Treff\u00e2\u20ac\u2122s, Hochzeits\u00fcberraschung, Party usw. buchbar.<br \/>\nFragen Sie mich an!<\/p>\n<p><strong>Astrologie als Schl\u00fcssel zum Kinderherzen<\/strong><\/p>\n<p>Kurse \u00e2\u20ac\u017eWas mein \/ unser Kind braucht\u00e2\u20ac\u0153<\/p>\n<p>Kinder sind von uns Erwachsenen abh\u00e4ngig. Wieweit sie ihre Pers\u00f6nlichkeit entfalten k\u00f6nnen, h\u00e4ngt zu einem grossen Teil davon ab, wie geeignet das Umfeld ist, das Eltern und Schule ihnen bieten. Dazu geh\u00f6rt nebst geeignetem Spielzeug und Lernm\u00f6glichkeiten auch die Bereitschaft, sich mit dem Kind auseinanderzusetzen und ihm die n\u00f6tige Geborgenheit, Ermunterung, Widerstand, Grenzen und vieles mehr zu bieten. Das Horoskop gibt Hinweise, was ein Kind f\u00fcr eine optimale Entfaltung seiner F\u00e4higkeiten braucht und in welchen Bereichen es Schwierigkeiten hat. <\/p>\n<p>Eltern, Grosseltern, Erzieher und alle Interessierten erhalten Informationen und konkrete Ratschl\u00e4ge f\u00fcr alle Tierkreiszeichen von Widder bis Fische.<\/p>\n<p>Meine 12 Kinder-Kurse  \u00e2\u20ac\u017eWas mein \/ unser Kind braucht\u00e2\u20ac\u0153 mit spezifischen Themen Baby &#8211; Schulkind &#8211; Pubert\u00e4t \/ Berufswahl sind jeweils einzeln  oder f\u00fcr kleinere Gruppen Interessierter mehrere Sternzeichen zusammen buchbar. <\/p>\n","protected":false},"excerpt":{"rendered":"<p>\u00e2\u20ac\u017eReise durch den Tierkreis\u00e2\u20ac\u0153 von Widder bis Fische Jeden Monat durchzieht die Sonne ein Tierkreiszeichen, den gesamten Tierkreis in einem Jahr. In Horoskopen ist \u00fcblicherweise vom Sternzeichen die Rede. Ebenso wichtig sind aber auch alle anderen Planeten, der Aszendent und weitere Berechnungspunkte. Jeder Planet symbolisiert ein Lebensprinzip, das bei Mensch, Tier, Pflanze und bei Mineralien [&hellip;]<\/p>\n","protected":false},"author":1,"featured_media":0,"parent":24,"menu_order":3,"comment_status":"open","ping_status":"open","template":"","meta":{"footnotes":""},"class_list":["post-42","page","type-page","status-publish","hentry"],"_links":{"self":[{"href":"https:\/\/astrosana.ch\/index.php?rest_route=\/wp\/v2\/pages\/42","targetHints":{"allow":["GET"]}}],"collection":[{"href":"https:\/\/astrosana.ch\/index.php?rest_route=\/wp\/v2\/pages"}],"about":[{"href":"https:\/\/astrosana.ch\/index.php?rest_route=\/wp\/v2\/types\/page"}],"author":[{"embeddable":true,"href":"https:\/\/astrosana.ch\/index.php?rest_route=\/wp\/v2\/users\/1"}],"replies":[{"embeddable":true,"href":"https:\/\/astrosana.ch\/index.php?rest_route=%2Fwp%2Fv2%2Fcomments&post=42"}],"version-history":[{"count":1,"href":"https:\/\/astrosana.ch\/index.php?rest_route=\/wp\/v2\/pages\/42\/revisions"}],"predecessor-version":[{"id":43,"href":"https:\/\/astrosana.ch\/index.php?rest_route=\/wp\/v2\/pages\/42\/revisions\/43"}],"up":[{"embeddable":true,"href":"https:\/\/astrosana.ch\/index.php?rest_route=\/wp\/v2\/pages\/24"}],"wp:attachment":[{"href":"https:\/\/astrosana.ch\/index.php?rest_route=%2Fwp%2Fv2%2Fmedia&parent=42"}],"curies":[{"name":"wp","href":"https:\/\/api.w.org\/{rel}","templated":true}]}}