{"id":39,"date":"2014-02-09T14:01:46","date_gmt":"2014-02-09T12:01:46","guid":{"rendered":"http:\/\/astrosana.ch\/?page_id=39"},"modified":"2014-02-09T14:01:57","modified_gmt":"2014-02-09T12:01:57","slug":"horoskopanalysen","status":"publish","type":"page","link":"https:\/\/astrosana.ch\/?page_id=39","title":{"rendered":"Horoskopanalysen"},"content":{"rendered":"<p><strong>Grosse Lebensanalyse \/ Psychologische Pers\u00f6nlichkeitsanalyse<\/strong><br \/>\nIn dieser grundlegenden, allgemeinen Einzeldeutung erhalten Sie Auskunft \u00fcber Ihre Pers\u00f6nlichkeit, Ihre Weltanschauung, Ihre Einstellung zu Besitz, Familie und Heim, zum Partner und zum Beruf sowie eine Beschreibung der k\u00f6rperlichen Konstitution und Ihrer Vitalit\u00e4t. Sie erhalten fundierte Ratschl\u00e4ge, wie die individuelle und einzigartige Pers\u00f6nlichkeit eines Menschen voll zum Einsatz kommen kann und eventuelle Hindernisse zu \u00fcberwinden sind. Ihre Pers\u00f6nlichkeitsmerkmale zeigen vielleicht Schw\u00e4chen an, an denen Sie arbeiten k\u00f6nnen &#8211; aber auch St\u00e4rken und Vorlieben, die im Idealfall zu einer echten Berufung f\u00fchren. Die Pers\u00f6nlichkeits-Analyse kann ein Wegweiser zu einer bewussten und aktiven Lebensgestaltung sein.<\/p>\n<p>Grosse Lebensanalyse mit Horoskopzeichnung<br \/>\nca. 40 Seiten, Fr. 70.00<br \/>\nPsychologische Pers\u00f6nlichkeitsanalyse mit Horoskopzeichnung<br \/>\nca. 30 Seiten, Fr. 65.00<\/p>\n<p><strong>Psychologische Partnerschaftsanalyse<\/strong><br \/>\nF\u00fcr ein l\u00e4ngerfristiges gl\u00fcckliches Zusammenleben bedarf es sowohl der harmonischen wie auch der unterschiedlichen Seiten. Allzu viele Gemeinsamkeiten lassen eine Partnerschaft langweilig und tr\u00e4ge werden, zu viele Unterschiede reiben sie auf. Ein ausgewogenes Mittel, die Bereitschaft, an einer Beziehung zu arbeiten und die Kenntnis dessen, was abl\u00e4uft, sind die besten Voraussetzungen f\u00fcr eine lange andauernde Zweisamkeit. Die beiden astrologischen Verfahren zur Analyse einer Partnerschaft stehen als Synastrie und Composit zur Verf\u00fcgung. Die Synastrie erm\u00f6glicht eine Analyse aus der Sicht des ersten als auch aus der Sicht des zweiten Partners. Die Composit-Deutung zeigt, wie die Partner nach aussen hin als Einheit wirken und wie sie von einem gemeinsamen Schicksal betroffen werden.<\/p>\n<p>Psychologische Partnerschaftsanalyse<br \/>\nca. 50 Seiten, Fr. 80.00<br \/>\nPsychologische Partnerschaftsanalyse mit Radix und Synastriezeichnung<br \/>\nca. 50 Seiten, Fr. 90.00<\/p>\n<p><strong>Psychologisches Partnerbild<\/strong><br \/>\nWelche Vorstellungen haben wir von unserem Partner, welche W\u00fcnsche werden auf ihn projiziert? Erst wenn der einzelne Mensch sich selber kennt, kann er eine gute, beide Seiten f\u00f6rdernde Partnerschaft aufbauen und Schwierigkeiten im Zusammenleben begegnen, welche meist aus seiner einenen Natur stammen. Diese psychologisch (gem\u00e4ss C.G. Jung) aufgebaute Analyse verhilft dem Menschen, sein innewohnendes Partnerbild, seine Sehns\u00fcchte und W\u00fcnsche zu verstehen. Liebe und Sexualit\u00e4t, auch unter dem Begriff Flirt-Horoskop bekannt, ist eine Deutung aus der Sicht einer einzelnen Person und zeigt Ihre Vorlieben und Schw\u00e4chen in diesem wichtigen Bereich des Lebens auf. Sie erfahren auch, welcher Partner am besten zu Ihnen passt.<\/p>\n<p>Psychologisches Partnerbild<br \/>\nca. 35 Seiten, Fr. 45.00<\/p>\n<p><strong>Psychologische Kindesentwicklung &#8211; Kinderhoroskop<\/strong><br \/>\nBeschreibt die vielf\u00e4ltige innere Welt eines Kindes. Welche besonderen Anlagen und F\u00e4higkeiten hat ein Kind? Welche Eigenheiten zeigen sich in der kindlichen Entwicklung und wie kann oder muss man darauf eingehen? Wie ist das Kind mit seinem Talenten am besten zu f\u00f6rdern? Da auch die Eltern und Erzieher mit ihrer Pers\u00f6nlichkeit einen starken Einfluss auf die kindliche Entwicklung nehmen, kann auch deren Tierkreiszeichen in der Deutung Ber\u00fccksichtigung finden.<br \/>\nMit Beschreibung der Rolle der Eltern (Tierkreiszeichen der Eltern)<\/p>\n<p>Kinderhoroskop<br \/>\nca. 40 Seiten, Fr. 65.00<br \/>\nKinderhoroskop mit Horoskopzeichnung<br \/>\nca. 40 Seiten, Fr. 75.00<\/p>\n<p><strong>Karma-Analyse<\/strong><br \/>\nIn dieser Deutung erhalten Sie u.a. Auskunft \u00fcber Ihre vergangenen Inkarnationen, Ihr Karma daraus, Ihre (noch zu erledigenden) Aufgaben und Ihre Lebensziele, die Sie sich stellen und die Sie erreichen k\u00f6nnen. Bei der heutigen Suche des Menschen nach dem Sinn in seinem Leben stellt diese einmalige Analyse eine besonders wertvolle und gefragte Hilfe dar.<\/p>\n<p>Karma-Analyse<br \/>\nca. 15-17 Seiten, Fr. 30.00<\/p>\n<p><strong>Karma Psyche Mythos (Vorgeburt \/ Kind \/ Erwachsen)<\/strong><br \/>\nHier wird der Reichtum Ihrer Seele in einer ur-gewaltigen Bilderwelt offenbart: Das karmisches Modell mit Vorgeburt, Kind, Erwachsener, die psychologische Struktur &#8211; allgemein energetisch und pers\u00f6nlich sowie die mythologischen Seelenbilder.<\/p>\n<p>Karma Psyche Mythos<br \/>\nca. 60 Seiten, Fr. 95.00<\/p>\n<p><strong>10 Fenster der Seele (Einblick der Planeten in die inneren Seelenkammern)<\/strong><br \/>\nSie lieben die esoterisch-okkulte Sprache? Dann sind Sie hier genau richtig: Planeten, Aszendent und Himmelsmitte sowie der Mondknoten werden in einer ur-kr\u00e4ftigen Bildersprache in Zeichen und H\u00e4usern gedeutet: Hier k\u00f6nnen Sie nicht mehr ausweichen, Sie sehen in Ihren Seelenspiegel.<\/p>\n<p>Fenster der Seele<br \/>\nca. 44 Seiten, Fr. 70.00<\/p>\n<p><strong>Astro-Medizin<\/strong><br \/>\nDie Astro-Medizin begr\u00fcndet sich auf dem Wissen um die kosmischen Zusammenh\u00e4nge. Sie handelt von den Analogien zwischen Sternen, Heilmitteln und Organen. F\u00fcr manchen Heilkundigen ist das individuelle Horoskop eine wichtige Grundlage f\u00fcr eine entsprechend individuelle Behandlung. Der K\u00f6rper widerspiegelt die zw\u00f6lf Tierkreiszeichen. Die Planeten und &#8222;H\u00e4user&#8220; lassen die Gesundheitsgef\u00e4hrdung erkennen und die &#8222;Aspekte&#8220; zeigen die Kr\u00e4fteverh\u00e4ltnisse auf.<\/p>\n<p>Astro-Medizin mit alternativen Heilmethoden<br \/>\nca. 65 Seiten, Fr. 85.00<\/p>\n<p><strong>Jahresprognose Solar<\/strong><br \/>\nDie Solardeutung gibt Auskunft \u00fcber die Tendenzen eines bestimmten Lebensjahres (von Geburtstag zu Geburtstag) und beschreibt Chancen und Risiken eines Menschen im gew\u00fcnschen Zeitraum. Das Solar stellt das Horoskop eines Menschen dar, welches sich durch die Wiederkehr der Sonne auf ihre Position bei der Geburt ergibt. Es werden die Konstellationen des Solarhoroskops gedeutet wie auch die Verkn\u00fcpfung mit dem Geburtshoroskop.<\/p>\n<p>Jahresprognose Solar<br \/>\nca. 25 Seiten, Fr. 45.00<br \/>\nJahresprognose Solar mit Dreifachzeichnung<br \/>\nca. 25 Seiten, Fr. 55.00<\/p>\n<p><strong>Transit-Prognose<\/strong><br \/>\nZukunftsdeutung f\u00fcr ein Jahr. Ueber die Punkte eines Geburtshoroskops wandeln die aktuellen Planeten (Transite) mit unterschiedlicher Geschwindigkeit und l\u00f6sen bestimmte Ereignisse aus, auf die man sich einstellen kann. Bitte beachten Sie, dass eine Prognose Sie nicht im Schicksal festlegt, sondern Sie auch in dieser Hinsicht einen freien Willen haben. Die Sterne zeigen Kr\u00e4fte und Wahrscheinlichkeiten an, \u00e4hnlich einer Wetterkarte, nach der wir uns richten k\u00f6nnen.<\/p>\n<p>Transit-Prognose<br \/>\nca. 45 Seiten, Fr. 70.00<\/p>\n<p><strong>Berufsanalyse, Finanzen, Verm\u00f6gen <\/strong><br \/>\nArbeit und Beruf im Horoskop. Die Arbeitswelt ist in st\u00e4ndigem Wandel. Stets kommen neue Berufe hinzu, vor allem im Dienstleistungssektor, in Forschung und Technik. Die Suche nach dem richtigen Beruf ist immer schwieriger geworden. Beschreibung Ihrer beruflichen Neigungen und F\u00e4higkeiten. Empfehlenswert auch f\u00fcr junge Menschen, die vor der Berufswahl stehen. Wie komme ich zu Reichtum und Verm\u00f6gen? Dieses Thema treibt den Menschen immer wieder, denn &#8222;Geld macht zwar nicht gl\u00fccklich, aber es beruhigt&#8220;. Diese Analyse zeigt, welche M\u00f6glichkeiten Sie haben, um zu Wohlstand und finanzieller Sicherheit zu gelangen, auf deren Basis dann eine spirituelle Entwicklung m\u00f6glich ist. Diese Analyse hilft Ihnen, den richtigen beruflichen Weg einzuschlagen.<\/p>\n<p>Berufsanalyse<br \/>\nca. 30-35 Seiten, Fr. 55.00<br \/>\nBerufsthemen Ausbildung Jugendliche<br \/>\nca. 25 Seiten, Spezialpreis Fr. 35.00<\/p>\n","protected":false},"excerpt":{"rendered":"<p>Grosse Lebensanalyse \/ Psychologische Pers\u00f6nlichkeitsanalyse In dieser grundlegenden, allgemeinen Einzeldeutung erhalten Sie Auskunft \u00fcber Ihre Pers\u00f6nlichkeit, Ihre Weltanschauung, Ihre Einstellung zu Besitz, Familie und Heim, zum Partner und zum Beruf sowie eine Beschreibung der k\u00f6rperlichen Konstitution und Ihrer Vitalit\u00e4t. Sie erhalten fundierte Ratschl\u00e4ge, wie die individuelle und einzigartige Pers\u00f6nlichkeit eines Menschen voll zum Einsatz kommen [&hellip;]<\/p>\n","protected":false},"author":1,"featured_media":0,"parent":24,"menu_order":2,"comment_status":"open","ping_status":"open","template":"","meta":{"footnotes":""},"class_list":["post-39","page","type-page","status-publish","hentry"],"_links":{"self":[{"href":"https:\/\/astrosana.ch\/index.php?rest_route=\/wp\/v2\/pages\/39","targetHints":{"allow":["GET"]}}],"collection":[{"href":"https:\/\/astrosana.ch\/index.php?rest_route=\/wp\/v2\/pages"}],"about":[{"href":"https:\/\/astrosana.ch\/index.php?rest_route=\/wp\/v2\/types\/page"}],"author":[{"embeddable":true,"href":"https:\/\/astrosana.ch\/index.php?rest_route=\/wp\/v2\/users\/1"}],"replies":[{"embeddable":true,"href":"https:\/\/astrosana.ch\/index.php?rest_route=%2Fwp%2Fv2%2Fcomments&post=39"}],"version-history":[{"count":2,"href":"https:\/\/astrosana.ch\/index.php?rest_route=\/wp\/v2\/pages\/39\/revisions"}],"predecessor-version":[{"id":41,"href":"https:\/\/astrosana.ch\/index.php?rest_route=\/wp\/v2\/pages\/39\/revisions\/41"}],"up":[{"embeddable":true,"href":"https:\/\/astrosana.ch\/index.php?rest_route=\/wp\/v2\/pages\/24"}],"wp:attachment":[{"href":"https:\/\/astrosana.ch\/index.php?rest_route=%2Fwp%2Fv2%2Fmedia&parent=39"}],"curies":[{"name":"wp","href":"https:\/\/api.w.org\/{rel}","templated":true}]}}