{"id":27,"date":"2014-02-09T12:42:30","date_gmt":"2014-02-09T10:42:30","guid":{"rendered":"http:\/\/astrosana.ch\/?page_id=27"},"modified":"2016-02-02T12:43:56","modified_gmt":"2016-02-02T10:43:56","slug":"beratungen","status":"publish","type":"page","link":"https:\/\/astrosana.ch\/?page_id=27","title":{"rendered":"Beratungen"},"content":{"rendered":"<p><img decoding=\"async\" src=\"http:\/\/astrosana.ch\/wp-content\/bilder\/praxis1.jpg\" alt=\"\" width=\"250\" \/><\/p>\n<p><strong>Jedes Horoskop besteht aus einer F\u00fclle von Einzelfaktoren, die erst in der Zusammenschau das GANZE erkennen lassen.<\/strong><\/p>\n<p><img decoding=\"async\" src=\"http:\/\/astrosana.ch\/wp-content\/bilder\/praxis2.jpg\" alt=\"\" \/><\/p>\n<p>In meiner Praxis berate ich in ruhiger, entspannter Atmosp\u00e4hre &#8211; meine Klienten sollen sich sehr wohl f\u00fchlen &#8211; Menschen mit den verschiedensten Vorstellungen und Erwartungen: Die einen suchen einen &#8222;Fahrplan f\u00fcr ihr Schicksal&#8220;, den anderen geht es um tiefere Selbsterkenntnis oder mehr Verst\u00e4ndnis f\u00fcr ihren Partner oder ihr Kind.<\/p>\n<p>In Ihrem Horoskop ist Ihr Leben in Symbolen verpackt. Ich helfe Ihnen diese Symbole zu entschl\u00fcsseln und zu verstehen.<\/p>\n<p>Eine pers\u00f6nliche psychologisch- astrologische Beratung dient dazu,<br \/>\n<strong><br \/>\n\u00e2\u20ac\u00a2 Schicksal und Chancen besser zu n\u00fctzen<br \/>\n\u00e2\u20ac\u00a2 die Lebensaufgabe, Ziel und Sinn des Lebens zu erkennen<br \/>\n\u00e2\u20ac\u00a2 sich selbst besser zu verstehen<br \/>\n\u00e2\u20ac\u00a2 den richtigen Zeitpunkt f\u00fcr einen Neubeginn zu finden<br \/>\n\u00e2\u20ac\u00a2 Partnerschafts- und Erziehungsfragen optimal zu l\u00f6sen<br \/>\n\u00e2\u20ac\u00a2 Berufs- und\/oder Wohnortswechsel gut vorzubereiten<br \/>\n<\/strong><br \/>\nUm Ihr Horoskop zu erstellen ben\u00f6tige ich Ihr Geburtsdatum, Ihre genaue Geburtszeit und Ihren Geburtsort. (Bei kleinen Orten n\u00e4chst gr\u00f6sserer Ort oder Stadt angeben)<\/p>\n<p>Die Grundlage meiner Beratungen basieren auf der psychologischen Astrologie, dennoch lasse ich meine verschieden gef\u00e4rbten Ausbildungen mit einfliessen. Das Gespr\u00e4ch wird auf Wunsch auf Kassette aufgezeichnet, die Sie sich in Ruhe zu Hause anh\u00f6ren k\u00f6nnen.<\/p>\n<p>Ich halte mich an eine absolute Schweigepflicht. Diese umfasst sowohl Ihre Personalien, die Schilderungen Ihrer Lebensumst\u00e4nde und Probleme als auch Informationen, die ich Ihren astrologischen Konstellationen entnehmen kann. In der astrologischen Beratung bem\u00fche ich mich, verst\u00e4ndnisvoll und einf\u00fchlsam auf die W\u00fcnsche und Bed\u00fcrfnisse meiner Kunden einzugehen. Ich formuliere meine Aussagen sorgf\u00e4ltig und ber\u00fccksichtige bei den Horoskop-Interpretationen die besonderen Lebensbedingungen jedes Einzelnen. Auf Schwarzmalerei und Negativ-Prognosen, welche \u00e0\u201engste und Unsicherheiten ausl\u00f6sen, verzichte ich. Ebenso lehne ich jede Form von Wahrsagerei und andere Missbr\u00e4uche der Astrologie ab.<\/p>\n<p><strong>Preise<\/strong><\/p>\n<p><strong>Einzelsitzung <\/strong><br \/>\nVorbereitung plus Beratung (1 \u00c2\u00bd Stunden): Fr. 200.00<br \/>\nJede weitere Besprechungsstunde: Fr. 130.00<\/p>\n<p><strong>Partnerhoroskop<\/strong><br \/>\nDer Vergleich zweier Horoskope deckt auf um was es in einer Beziehung geht, was die Partner voneinander lernen m\u00f6chten und was sie einander zu geben verm\u00f6gen. Es geht hier um die Herausarbeitung von Konflikt-Bereichen und der inneren Bedingtheit gegenseitiger Anziehung. Die Astrologie kann helfen, oberfl\u00e4chliche Probleme auf tiefer liegender Ebene zu erfassen.<\/p>\n<p>Vorbereitung zwei Personen und das gemeinsame Horoskop plus Beratung (1 \u00c2\u00bd Stunden): Fr. 300.00<br \/>\nJede weitere Besprechungsstunde: Fr. 130.00<\/p>\n<p>F\u00fcr Klienten, die in gr\u00f6sserer Entfernung wohnen, bietet sich evtl. auch eine telefonische Beratung an.<\/p>\n<p>F\u00fcr einen Termin nehmen Sie bitte <a href=\"http:\/\/astrosana.ch\/?page_id=19\">Kontakt <\/a>mit mir auf!<\/p>\n","protected":false},"excerpt":{"rendered":"<p>Jedes Horoskop besteht aus einer F\u00fclle von Einzelfaktoren, die erst in der Zusammenschau das GANZE erkennen lassen. In meiner Praxis berate ich in ruhiger, entspannter Atmosp\u00e4hre &#8211; meine Klienten sollen sich sehr wohl f\u00fchlen &#8211; Menschen mit den verschiedensten Vorstellungen und Erwartungen: Die einen suchen einen &#8222;Fahrplan f\u00fcr ihr Schicksal&#8220;, den anderen geht es um [&hellip;]<\/p>\n","protected":false},"author":1,"featured_media":0,"parent":24,"menu_order":1,"comment_status":"open","ping_status":"open","template":"","meta":{"footnotes":""},"class_list":["post-27","page","type-page","status-publish","hentry"],"_links":{"self":[{"href":"https:\/\/astrosana.ch\/index.php?rest_route=\/wp\/v2\/pages\/27","targetHints":{"allow":["GET"]}}],"collection":[{"href":"https:\/\/astrosana.ch\/index.php?rest_route=\/wp\/v2\/pages"}],"about":[{"href":"https:\/\/astrosana.ch\/index.php?rest_route=\/wp\/v2\/types\/page"}],"author":[{"embeddable":true,"href":"https:\/\/astrosana.ch\/index.php?rest_route=\/wp\/v2\/users\/1"}],"replies":[{"embeddable":true,"href":"https:\/\/astrosana.ch\/index.php?rest_route=%2Fwp%2Fv2%2Fcomments&post=27"}],"version-history":[{"count":11,"href":"https:\/\/astrosana.ch\/index.php?rest_route=\/wp\/v2\/pages\/27\/revisions"}],"predecessor-version":[{"id":87,"href":"https:\/\/astrosana.ch\/index.php?rest_route=\/wp\/v2\/pages\/27\/revisions\/87"}],"up":[{"embeddable":true,"href":"https:\/\/astrosana.ch\/index.php?rest_route=\/wp\/v2\/pages\/24"}],"wp:attachment":[{"href":"https:\/\/astrosana.ch\/index.php?rest_route=%2Fwp%2Fv2%2Fmedia&parent=27"}],"curies":[{"name":"wp","href":"https:\/\/api.w.org\/{rel}","templated":true}]}}