{"id":24,"date":"2014-02-09T12:41:14","date_gmt":"2014-02-09T10:41:14","guid":{"rendered":"http:\/\/astrosana.ch\/?page_id=24"},"modified":"2014-02-11T15:51:20","modified_gmt":"2014-02-11T13:51:20","slug":"astrologie","status":"publish","type":"page","link":"https:\/\/astrosana.ch\/?page_id=24","title":{"rendered":"Astrologie"},"content":{"rendered":"<p><strong>Astrologie ist so vielseitig wie es Menschen gibt!<\/strong><\/p>\n<p>Es ist mir ein echtes Anliegen die segensreiche Astrologie in ihren Grundz\u00fcgen einem m\u00f6glichst breiten Publikum nachvollziehbar darzulegen. Daf\u00fcr ist das Internet wie geschaffen und es steckt viel Herzblut in diesen Seiten.<\/p>\n<p><strong>Die Astrologie ist kein System von F\u00e4den,<br \/>\nan denen Menschen willk\u00fcrlich bewegt werden.<br \/>\nSie ist eine g\u00fcltige Methode zu lernen<br \/>\nwie wir unser Leben besser beherrschen<br \/>\nund wie wir seelische und geistige Erf\u00fcllung<br \/>\nerlangen k\u00f6nnen.<\/strong><\/p>\n<p><strong>Woher kommt die Astrologie?<\/strong><br \/>\nDer genaue Ursprung der Astrologie ist bis heute nicht bekannt. Als Wiege des Himmelswissens galt lange Zeit Mesopotamien, doch wurde ein noch \u00e4lterer Tierkreis in Nordwestafrika gefunden, dessen Darstellung in einem Felsenbild auf ein Alter von \u00fcber 10000 Jahren hinweist. Verfolgen aber l\u00e4sst sich die Geschichte der heutigen Astrologie ab etwa 4000 v. Chr. von Mesopotamien aus durch die verschiedensten Kulturen.<\/p>\n<p>Der Sternenhimmel ist vergleichbar mit einem Barometer, auf dem man die Wetterlage ablesen kann. Aus dem Sternenhimmel l\u00e4sst sich die &#8222;Stimmung&#8220; im Kosmos und auf Erden erkennen. Es gibt sehr harmonische Zeiten, aber auch spannungsgeladene.<br \/>\nGenauso wie ein Barometer das Wetter nicht beeinflusst, sondern es lediglich anzeigt, so sind die Gestirne nur &#8222;Anzeiger&#8220; f\u00fcr Stimmungen, in der Menschen mit bestimmten Charaktereigenschaften geboren werden<\/p>\n<p>Kernpunkt der Astrologie ist das Geburtshoroskop (Radix). Es bildet die Grundlage f\u00fcr alle \u00fcbrigen, spezielleren Berechnungen. Das Geburtshoroskop gibt Auskunft \u00fcber unsere Anlagen, Talente, Schw\u00e4chen, \u00e0\u201engste und Gef\u00fchle. Im Zeitalter der modernen Psychologie werden Geburtshoroskope nicht als unentrinnbares Schicksal interpretiert, sondern als Herausforderungen und Chancen, die wir wahrnehmen sollten, um unser gesamtes Potential, welches im Horoskop dargestellt ist, auch leben zu k\u00f6nnen.<\/p>\n<p>Der Radix ist das Abbild des Sternenhimmels, der Planeten und Tierkreiszeichen beim Augenblick der Geburt eines Menschen bezogen auf dessen Geburtsort. F\u00fcr eine genaue Berechnung ben\u00f6tigt der Astrologe das Geburtsdatum, die Geburtszeit (minutengenau) und den Geburtsort.<\/p>\n<p>Der Radix zeigt uns also das \u00e2\u20ac\u017ekosmische Energiemuster\u00e2\u20ac\u0153 eines bestimmten Zeitpunktes an einem bestimmten Ort der Erde. Dieses Energiemuster begleitet diesen Menschen wie eine Landkarte durch sein ganzes Leben. Das \u00e2\u20ac\u017ekosmische Muster\u00e2\u20ac\u0153 des Geburtsmoments enth\u00e4lt die verschl\u00fcsselte Aussage \u00fcber die Grundlagen des menschlichen Charakters, \u00fcber potentielle F\u00e4higkeiten und Spannungen sowie \u00fcber Lebensaufgaben und Ziele, die er im Verlauf seines Lebens erreichen k\u00f6nnte.<\/p>\n<p>Die Symbolik des Horoskops zeigt also die Themen des individuellen Lehrplanes, zeigt wie ihr Potential angelegt &#8211; aber nicht festgelegt ist. Dabei werden die inneren Zusammenh\u00e4nge der Pers\u00f6nlichkeitsanteile &#8211; St\u00e4rken, Schw\u00e4chen, Bed\u00fcrfnisse, Hemmungen, Blockaden &#8211; aber auch Potential transparent gemacht. Aus dem Geburtshoroskop lassen sich also Anlagen und F\u00e4higkeiten erkennen. So wird das individuelle Horoskop als Diagnoseinstrument verwendet. Es dient der Selbstfindung, Charakterdeutung, Konfliktkl\u00e4rung, Berufswahl, Partnerschaft, Kindererziehung sowie der eigenen geistigen Entwicklung.<\/p>\n<p><img decoding=\"async\" src=\"http:\/\/astrosana.ch\/wp-content\/bilder\/tierkreisfrau.jpg\" width =\"300\"><\/p>\n<p>Die Astromedizin ist ein Teilgebiet der Astrologie, das mit Hilfe des Horoskops Aussagen \u00fcber Krankheitsdispositionen stellt und auf Grund der astrologischen Entsprechungslehre geeignete Therapieformen vorschl\u00e4gt. So gibt es z.B. g\u00fcnstige Termine f\u00fcr eine notwendige Operation, aber auch Konstellationen, die man aus Erfahrung f\u00fcr einen Operationstermin besser meiden sollte, weil die Auswirkungen w\u00e4hrend eines solchen Zeitpunktes \u00e4usserst kritisch sein k\u00f6nnen.<\/p>\n<p>Wenn Sie auf der Suche nach dem idealen Beruf sind, der Sie wirklich ausf\u00fcllt und Ihnen Freude macht, wenn Sie wissen m\u00f6chten, welcher Partner zu Ihnen passt, wenn Sie sehen wollen, f\u00fcr welche Erkrankungen Sie besonders anf\u00e4llig sein k\u00f6nnten, dann ist eine astrologische Beratung eine gute M\u00f6glichkeit, Ihren Problemen auf die Spur zu kommen, bzw. einen Weg zur Abhilfe zu finden.<\/p>\n<p>Viele kennen die Astrologie nur durch Wochenhoroskope oder Jahresprognosen der Zeitungen. Astrologie ist aber weit davon entfernt, die Menschen in zw\u00f6lf Kategorien einteilen zu wollen. Sie ist viel komplexer und ber\u00fccksichtigt ausser dem Sonnenstand (Tierkreiszeichen) auch den Aszendenten, die Planeten in den verschiedenen Zeichen sowie die Umwelteinfl\u00fcsse aufzeigenden H\u00e4user. Dazu bedient sich die heutige Astrologie neben uraltem astrologischem Wissensgut auch der Erkenntnisse der modernen Psychologie, was eine differenzierte Erfassung der Pers\u00f6nlichkeit erm\u00f6glicht.<\/p>\n<p><strong>Die Sterne lenken nicht unser gesamtes Leben \/<br \/>\nsie geben uns aber starke Hinweise auf die pers\u00f6nliche Zeitqualit\u00e4t.<\/strong><\/p>\n","protected":false},"excerpt":{"rendered":"<p>Astrologie ist so vielseitig wie es Menschen gibt! Es ist mir ein echtes Anliegen die segensreiche Astrologie in ihren Grundz\u00fcgen einem m\u00f6glichst breiten Publikum nachvollziehbar darzulegen. Daf\u00fcr ist das Internet wie geschaffen und es steckt viel Herzblut in diesen Seiten. Die Astrologie ist kein System von F\u00e4den, an denen Menschen willk\u00fcrlich bewegt werden. Sie ist [&hellip;]<\/p>\n","protected":false},"author":1,"featured_media":0,"parent":0,"menu_order":2,"comment_status":"open","ping_status":"open","template":"","meta":{"footnotes":""},"class_list":["post-24","page","type-page","status-publish","hentry"],"_links":{"self":[{"href":"https:\/\/astrosana.ch\/index.php?rest_route=\/wp\/v2\/pages\/24","targetHints":{"allow":["GET"]}}],"collection":[{"href":"https:\/\/astrosana.ch\/index.php?rest_route=\/wp\/v2\/pages"}],"about":[{"href":"https:\/\/astrosana.ch\/index.php?rest_route=\/wp\/v2\/types\/page"}],"author":[{"embeddable":true,"href":"https:\/\/astrosana.ch\/index.php?rest_route=\/wp\/v2\/users\/1"}],"replies":[{"embeddable":true,"href":"https:\/\/astrosana.ch\/index.php?rest_route=%2Fwp%2Fv2%2Fcomments&post=24"}],"version-history":[{"count":5,"href":"https:\/\/astrosana.ch\/index.php?rest_route=\/wp\/v2\/pages\/24\/revisions"}],"predecessor-version":[{"id":70,"href":"https:\/\/astrosana.ch\/index.php?rest_route=\/wp\/v2\/pages\/24\/revisions\/70"}],"wp:attachment":[{"href":"https:\/\/astrosana.ch\/index.php?rest_route=%2Fwp%2Fv2%2Fmedia&parent=24"}],"curies":[{"name":"wp","href":"https:\/\/api.w.org\/{rel}","templated":true}]}}