{"id":2,"date":"2014-02-09T09:49:08","date_gmt":"2014-02-09T09:49:08","guid":{"rendered":"http:\/\/astrosana.ch\/?page_id=2"},"modified":"2015-08-09T19:07:42","modified_gmt":"2015-08-09T17:07:42","slug":"beispiel-seite","status":"publish","type":"page","link":"https:\/\/astrosana.ch\/?page_id=2","title":{"rendered":"\u00e0\u0153ber mich"},"content":{"rendered":"<p><a href=\"http:\/\/astrosana.ch\/wp-content\/uploads\/2014\/02\/Datei-09.08.15-19-05-27.jpeg\"><img loading=\"lazy\" decoding=\"async\" class=\"alignnone  wp-image-82\" src=\"http:\/\/astrosana.ch\/wp-content\/uploads\/2014\/02\/Datei-09.08.15-19-05-27-259x300.jpeg\" alt=\"Datei 09.08.15 19 05 27\" width=\"202\" height=\"234\" srcset=\"https:\/\/astrosana.ch\/wp-content\/uploads\/2014\/02\/Datei-09.08.15-19-05-27-259x300.jpeg 259w, https:\/\/astrosana.ch\/wp-content\/uploads\/2014\/02\/Datei-09.08.15-19-05-27-883x1024.jpeg 883w\" sizes=\"auto, (max-width: 202px) 100vw, 202px\" \/><\/a><\/p>\n<p>Geboren 1950 mit einer\u00c2\u00a0 Fische Sonne\u00c2\u00a0 und einem Krebs Aszendenten<br \/>\nMutter zweier erwachsener S\u00f6hne<br \/>\nAb 1991 Ausbildung in psychologischer Astrologie bei Siegfried Schmid, Z\u00fcrich und SAF Schweizer Astroforum, Baden<br \/>\nWeiterbildungen mit Schwerpunkten wie:<br \/>\n\u00e2\u20ac\u00a2 Astromedizin<br \/>\n\u00e2\u20ac\u00a2 Beruf &#8211; Berufung<br \/>\n\u00e2\u20ac\u00a2 Karma &#8211; Astrologie<br \/>\n\u00e2\u20ac\u00a2 Kinder<br \/>\n\u00e2\u20ac\u00a2 Partnerschaft<br \/>\nAus- und Weiterbildungen in Geistiger Wahrnehmung, Medialit\u00e4t, Geistigem Heilen<\/p>\n<p>Psychologisch-astrologische Lebens- und Berufsberaterin seit 1994<\/p>\n<p>Mein gr\u00f6sstes Interesse gilt der Psychologie des Menschen und ihrer praktischen Anwendung. Als Astrologin kann ich meine Kenntnisse einbringen und eine Br\u00fccke bauen zwischen altem und neuem Wissen. Meine Werkzeuge sind: Erfahrung, Wissen, Einf\u00fchlungsverm\u00f6gen, Kreativit\u00e4t und moderne Technik.<\/p>\n<p>Meine eigene Lebensgeschichte, meine langj\u00e4hrige Erfahrung und mein Wissen als Astrologin und Lebensberaterin bieten Gew\u00e4hr daf\u00fcr, dass Sie sich mir anvertrauen d\u00fcrfen und dabei kompetente Hilfe finden &#8211; selbstverst\u00e4ndlich absolut vertraulich.<br \/>\nMeine T\u00e4tigkeit ist mir Berufung und Lebensaufgabe.<\/p>\n<p>Immer geht es um inneres Wachstum, um ein Ausbauen der eigenen F\u00e4higkeiten.<\/p>\n<p>Ich danke Allen, die den Weg bis hierhin mit mir geteilt haben, sowie den spirituellen Kr\u00e4ften, die mich unterst\u00fctzen.<\/p>\n","protected":false},"excerpt":{"rendered":"<p>Geboren 1950 mit einer\u00c2\u00a0 Fische Sonne\u00c2\u00a0 und einem Krebs Aszendenten Mutter zweier erwachsener S\u00f6hne Ab 1991 Ausbildung in psychologischer Astrologie bei Siegfried Schmid, Z\u00fcrich und SAF Schweizer Astroforum, Baden Weiterbildungen mit Schwerpunkten wie: \u00e2\u20ac\u00a2 Astromedizin \u00e2\u20ac\u00a2 Beruf &#8211; Berufung \u00e2\u20ac\u00a2 Karma &#8211; Astrologie \u00e2\u20ac\u00a2 Kinder \u00e2\u20ac\u00a2 Partnerschaft Aus- und Weiterbildungen in Geistiger Wahrnehmung, Medialit\u00e4t, Geistigem [&hellip;]<\/p>\n","protected":false},"author":1,"featured_media":0,"parent":0,"menu_order":1,"comment_status":"open","ping_status":"open","template":"","meta":{"footnotes":""},"class_list":["post-2","page","type-page","status-publish","hentry"],"_links":{"self":[{"href":"https:\/\/astrosana.ch\/index.php?rest_route=\/wp\/v2\/pages\/2","targetHints":{"allow":["GET"]}}],"collection":[{"href":"https:\/\/astrosana.ch\/index.php?rest_route=\/wp\/v2\/pages"}],"about":[{"href":"https:\/\/astrosana.ch\/index.php?rest_route=\/wp\/v2\/types\/page"}],"author":[{"embeddable":true,"href":"https:\/\/astrosana.ch\/index.php?rest_route=\/wp\/v2\/users\/1"}],"replies":[{"embeddable":true,"href":"https:\/\/astrosana.ch\/index.php?rest_route=%2Fwp%2Fv2%2Fcomments&post=2"}],"version-history":[{"count":6,"href":"https:\/\/astrosana.ch\/index.php?rest_route=\/wp\/v2\/pages\/2\/revisions"}],"predecessor-version":[{"id":84,"href":"https:\/\/astrosana.ch\/index.php?rest_route=\/wp\/v2\/pages\/2\/revisions\/84"}],"wp:attachment":[{"href":"https:\/\/astrosana.ch\/index.php?rest_route=%2Fwp%2Fv2%2Fmedia&parent=2"}],"curies":[{"name":"wp","href":"https:\/\/api.w.org\/{rel}","templated":true}]}}